{"id":402,"date":"2021-06-15T09:19:45","date_gmt":"2021-06-15T09:19:45","guid":{"rendered":"https:\/\/dafa-airstop.be\/?page_id=402"},"modified":"2021-06-29T10:35:37","modified_gmt":"2021-06-29T08:35:37","slug":"datenschutzerklaerung","status":"publish","type":"page","link":"https:\/\/dafa-airstop.be\/de\/datenschutzerklaerung\/","title":{"rendered":"Datenschutzerkl\u00e4rung"},"content":{"rendered":"\n<h1 class=\"wp-block-heading\">Datenschutzerkl\u00e4rung<\/h1>\n\n\n\n<hr class=\"wp-block-separator\"\/>\n\n\n\n<h3 class=\"wp-block-heading\"><strong>Warum diese Satzung?<\/strong><\/h3>\n\n\n\n<p>Dafa.be respektiert Ihre Privatsph\u00e4re und Ihre pers\u00f6nlichen Daten. Deshalb informieren wir Sie mit dieser Datenschutzerkl\u00e4rung dar\u00fcber, dass wir Ihre pers\u00f6nlichen Daten in \u00dcbereinstimmung mit dem Gesetz vom 8. Dezember 1992, zum Schutz der Privatsph\u00e4re bei der Verarbeitung pers\u00f6nlicher Daten, und der Europ\u00e4ischen Verordnung vom 27. April 2016, zum Schutz nat\u00fcrlicher Personen bei der Verarbeitung pers\u00f6nlicher Daten und dem freien Verkehr solcher Daten, verwenden.<\/p>\n\n\n\n<p>In dieser Satzung informieren wir Sie \u00fcber die Ma\u00dfnahmen zum Schutz Ihrer Privatsph\u00e4re sowie \u00fcber die Rechte, welche Sie als Nutzer dieser Dienste besitzen.<\/p>\n\n\n\n<p>Zuk\u00fcnftige Anpassungen dieser Satzung k\u00f6nnen nicht ausgeschlossen werden. Deshalb bitten wir Sie, diese Datenschutzerkl\u00e4rung regelm\u00e4\u00dfig zu lesen, um \u00fcber m\u00f6gliche \u00c4nderungen auf dem Laufenden zu bleiben.<\/p>\n\n\n\n<p>Durch die Nutzung unserer Webseite erkl\u00e4ren Sie sich ausdr\u00fccklich als einverstanden mit der Erhebung und Verarbeitung Ihrer personenbezogenen Daten durch Dafa.be, in der in dieser Satzung beschriebenen Art und Weise.<\/p>\n\n\n\n<h3 class=\"wp-block-heading\">Wer verarbeitet Ihre Daten?<\/h3>\n\n\n\n<p><strong>ALUTHERMO AG<\/strong> ist Verantwortlicher der Seit&nbsp;www.dafa-airstop.be<\/p>\n\n\n\n<p><strong>Kontaktinformationen:<\/strong><\/p>\n\n\n\n<p><strong>ALUTHERMO AG<\/strong><br>Steinkelt, Galhausen 23<br>4780 ST-VITH &#8211; BELGIUM<br>BELGIQUE<\/p>\n\n\n\n<p>Telefon: +32(0)80 &#8211; 77 10 28<\/p>\n\n\n\n<h3 class=\"wp-block-heading\"><strong>Welche Daten werden erfasst?<\/strong><\/h3>\n\n\n\n<p>Dafa.be verarbeitet nur Daten, welche f\u00fcr das Erreichen seiner Zwecke erforderlich sind. Nachfolgend finden Sie eine Auflistung der Daten, die von der Verarbeitung betroffen sind:<\/p>\n\n\n\n<ul class=\"wp-block-list\"><li>Identifikationsdaten<\/li><li>Pers\u00f6nliche Eigenschaften<\/li><li>Interessen<\/li><\/ul>\n\n\n\n<p>Dafa.be verpflichtet sich, Ihre personenbezogenen Daten nur f\u00fcr die folgende Zwecke zu verwenden:<\/p>\n\n\n\n<ul class=\"wp-block-list\"><li>Kundenmanagement<\/li><li>Verbesserung unserer Dienstleistungen und Produkte<\/li><li>Versand von Werbeangeboten (Direktmarketing), wenn Sie diesem ausdr\u00fccklich zugestimmt haben. Das Widerrufen Ihrer Einwilligung steht Ihnen jeder Zeit frei.<\/li><\/ul>\n\n\n\n<p>Dafa.be sammelt ebenfalls Daten f\u00fcr statistische Zwecke.<br>Diese Daten (IP-Adresse, geografisches Gebiet, aufgerufene Seiten, usw.) erm\u00f6glichen uns, unsere Benutzerfreundlichkeit f\u00fcr Sie zu verbessern. Mit dem Besuch unserer Website stimmen Sie der Erhebung und Verarbeitung dieser Daten zu.<\/p>\n\n\n\n<p>Ihre personenbezogenen Daten werden ausschlie\u00dflich f\u00fcr interne Zwecke verwendet. Sie werden ohne Ihre vorherige Zustimmung weder verkauft, noch an Dritte weitergegeben. Dafa.be hat alle technischen und organisatorischen Ma\u00dfnahmen ergriffen, um Datenverst\u00f6\u00dfe zu vermeiden.<\/p>\n\n\n\n<p>Gem\u00e4\u00df dem Gesetz vom 8. Dezember 1992, \u00fcber den Schutz der Privatsph\u00e4re bei der Verarbeitung personenbezogener Daten, haben Sie das Recht auf den Zugang, die Kontrolle, die Berichtigung und ggf. die L\u00f6schung unrichtiger, unvollst\u00e4ndiger oder irrelevanter Daten.<\/p>\n\n\n\n<p>Antr\u00e4ge auf Zugang, Kontrolle, Berichtigung oder L\u00f6schung personenbezogener Daten k\u00f6nnen per E-Mail oder per Post an die folgende Adresse (mit Nachweises Ihrer Identit\u00e4t) gerichtet werden:<\/p>\n\n\n\n<p><strong>ALUTHERMO AG<\/strong><br>Steinkelt, Galhausen 23<br>4780 ST-VITH &#8211; BELGIUM<br>BELGIQUE<\/p>\n\n\n\n<p>F\u00fcr weitere Informationen zum Datenschutz besuchen Sie bitte:&nbsp;<a href=\"https:\/\/www.privacycommission.be\/fr\/\" target=\"_blank\" rel=\"noreferrer noopener\">https:\/\/www.privacycommission.be\/fr\/<\/a><\/p>\n\n\n\n<h3 class=\"wp-block-heading\"><strong>Cookies<\/strong><\/h3>\n\n\n\n<p>Dafa.be verwendet Cookies, um seinen Besuchern ein optimales Benutzererlebnis bieten zu k\u00f6nnen.<br>Bei einem Cookie handelt es sich um kleine, harmlose Textdateien, welche auf Ihrem Endger\u00e4t gespeichert werden. Ihr Browser greift auf diese Dateien zu, und durch dessen Einsatz erh\u00f6ht sich die Benutzerfreundlichkeit und Sicherheit dieser Website.<\/p>\n\n\n\n<p>Cookies erm\u00f6glichen in der Regel eine bessere Interaktion zwischen dem Besucher und der Website. Sie merken sich Ihre Vorlieben (z.B. Ihre bevorzugte Sprache), um Ihre sp\u00e4teren Besuche zu erleichtern.<\/p>\n\n\n\n<p>Cookies werden auf Ihrem Endger\u00e4t f\u00fcr einen Zeitraum von 1 Jahr gespeichert.<\/p>\n\n\n\n<p>Die Verwendung von Cookies bedarf Ihrer vorherigen ausdr\u00fccklichen Zustimmung, entweder durch das Anklicken des entsprechendem Buttons im Cookie-Banner oder durch den weiteren Besuch unserer Website. Sie k\u00f6nnen den weiteren Gebrauch von Cookies jeder Zeit ablehnen, indem Sie die entsprechenden \u00c4nderungen in Ihren Browsereinstellungen vornehmen.<\/p>\n\n\n\n<h3 class=\"wp-block-heading\"><strong>Verwendete Cookies<\/strong><\/h3>\n\n\n\n<p>Diese Website verwendet folgende Cookies:<\/p>\n\n\n\n<ul class=\"wp-block-list\"><li><strong>Notwendige Cookies<\/strong>: Diese Cookies sind f\u00fcr das Ausf\u00fchren spezifischer Funktionen einer Website notwendig. Ist die Verwendung dieser Cookies abgelehnt, funktionieren einige Teile der Website nicht ordnungsgem\u00e4\u00df. Diese Art Cookies wird haupts\u00e4chlich f\u00fcr das Ausf\u00fcllen von Formularen, der Navigation innerhalb der Webseite, der Identit\u00e4ts\u00fcberpr\u00fcfung, usw. verwendet.<\/li><li><strong>Funktionscookies<\/strong>: Diese Cookies werden verwendet, um Ihre Entscheidungen und Vorlieben (z.B. Ihre bevorzugte Sprache) zu speichern. Dadurch werden Ihre sp\u00e4teren Besuche erleichtert und die Benutzerfreundlichkeit verbessert.<br>Diese Cookies erm\u00f6glichen es ebenfalls, Statistiken zu erstellen und die Nutzung der Website, sowie dessen Popularit\u00e4t, zu analysieren.<\/li><li><strong>Werbe-Cookies<\/strong>: Beim Besuch dieser Internetseite k\u00f6nnen Ihre soziodemografischen Daten von diesen Cookies gesammelt und anonym gespeichert werden. Diese Cookies enthalten keine personenbezogenen Daten und werden von dem Werbetreibendem installiert, wenn ihre Anzeige ausgestrahlt wird. Diese Cookies verbessern Ihr Benutzererlebnis indem Sie vermeiden, Sie mit den gleichen Anzeigen zu konfrontieren, und es uns erm\u00f6glichen, die Effektivit\u00e4t unserer Marketingma\u00dfnahme zu messen.<\/li><li><strong>Third Party Cookies<\/strong>: Diese Cookies werden \u00fcber unsere Webseite von Drittanbietern platziert. Unter Drittanbieter verstehen wir z.B. Google, Facebook, LinkedIn, Twitter und Marketing-Automation. Cookies Dritter helfen dabei, den Betrieb der Website, durch den Einsatz von Google Analytics, zu verbessern.<\/li><\/ul>\n\n\n\n<h3 class=\"wp-block-heading\"><strong>Nutzung der Cookies<\/strong><\/h3>\n\n\n\n<p>Es wird dem Nutzer empfohlen, den Gebrauch von Cookies auf dieser Webseite zu aktivieren. Wenn die Cookies nicht aktiviert sind, kann eine effiziente Nutzung der Internetseite nicht garantiert werden.<br>Der Nutzer hat aber jeder Zeit die M\u00f6glichkeit, Cookies zu blockieren oder diese gar zu l\u00f6schen, in dem er auf die Einstellungen des jeweiligen Webbrowsers zur\u00fcckgreift.<br>Ob der Gebrauch von Cookies von Anfang zugelassen ist oder nicht, h\u00e4ngt von Ihrem Webbrowser ab.<\/p>\n\n\n\n<h3 class=\"wp-block-heading\"><strong>Verwaltung der Cookies<\/strong><\/h3>\n\n\n\n<p>Um Cookies zu deaktivieren oder einzuschr\u00e4nken, rufen Sie das Hilfemen\u00fc Ihres entsprechenden Browsers auf:<\/p>\n\n\n\n<p>F\u00fcr Internet Explorer:&nbsp;<a href=\"https:\/\/support.microsoft.com\/de-de\/help\/17442\/windows-internet-explorer-delete-manage-cookies\" target=\"_blank\" rel=\"noreferrer noopener\">https:\/\/support.microsoft.com\/de-de\/help\/17442\/windows-internet-explorer-delete-manage-cookies<\/a><\/p>\n\n\n\n<p>F\u00fcr Safari:&nbsp;<a href=\"https:\/\/support.apple.com\/de-de\/guide\/safari\/sfri11471\/mac\" target=\"_blank\" rel=\"noreferrer noopener\">https:\/\/support.apple.com\/de-de\/guide\/safari\/sfri11471\/mac<\/a><\/p>\n\n\n\n<p>F\u00fcr Chrome:&nbsp;<a href=\"https:\/\/support.google.com\/chrome\/answer\/95647?hl=de&amp;hlrm=en\" target=\"_blank\" rel=\"noreferrer noopener\">https:\/\/support.google.com\/chrome\/answer\/95647?hl=de&amp;hlrm=en<\/a><\/p>\n\n\n\n<p>F\u00fcr Firefox:&nbsp;<a href=\"https:\/\/support.mozilla.org\/de\/kb\/cookies-erlauben-und-ablehnen\" target=\"_blank\" rel=\"noreferrer noopener\">https:\/\/support.mozilla.org\/de\/kb\/cookies-erlauben-und-ablehnen<\/a><\/p>\n","protected":false},"excerpt":{"rendered":"<p>Datenschutzerkl\u00e4rung Warum diese Satzung? Dafa.be respektiert Ihre Privatsph\u00e4re und Ihre pers\u00f6nlichen Daten. Deshalb informieren wir [&hellip;]<\/p>\n","protected":false},"author":1,"featured_media":0,"parent":0,"menu_order":0,"comment_status":"closed","ping_status":"open","template":"","meta":{"footnotes":""},"class_list":["post-402","page","type-page","status-publish","hentry"],"acf":[],"yoast_head":"<!-- This site is optimized with the Yoast SEO plugin v21.1 - https:\/\/yoast.com\/wordpress\/plugins\/seo\/ -->\n<title>Datenschutzerkl\u00e4rung - Dafa Airstop<\/title>\n<meta name=\"robots\" content=\"index, follow, max-snippet:-1, max-image-preview:large, max-video-preview:-1\" \/>\n<link rel=\"canonical\" href=\"https:\/\/dafa-airstop.be\/de\/datenschutzerklaerung\/\" \/>\n<meta property=\"og:locale\" content=\"de_DE\" \/>\n<meta property=\"og:type\" content=\"article\" \/>\n<meta property=\"og:title\" content=\"Datenschutzerkl\u00e4rung - Dafa Airstop\" \/>\n<meta property=\"og:description\" content=\"Datenschutzerkl\u00e4rung Warum diese Satzung? Dafa.be respektiert Ihre Privatsph\u00e4re und Ihre pers\u00f6nlichen Daten. Deshalb informieren wir [&hellip;]\" \/>\n<meta property=\"og:url\" content=\"https:\/\/dafa-airstop.be\/de\/datenschutzerklaerung\/\" \/>\n<meta property=\"og:site_name\" content=\"Dafa Airstop\" \/>\n<meta property=\"article:modified_time\" content=\"2021-06-29T08:35:37+00:00\" \/>\n<meta name=\"twitter:card\" content=\"summary_large_image\" \/>\n<meta name=\"twitter:label1\" content=\"Gesch\u00e4tzte Lesezeit\" \/>\n\t<meta name=\"twitter:data1\" content=\"4\u00a0Minuten\" \/>\n<script type=\"application\/ld+json\" class=\"yoast-schema-graph\">{\"@context\":\"https:\/\/schema.org\",\"@graph\":[{\"@type\":\"WebPage\",\"@id\":\"https:\/\/dafa-airstop.be\/de\/datenschutzerklaerung\/\",\"url\":\"https:\/\/dafa-airstop.be\/de\/datenschutzerklaerung\/\",\"name\":\"Datenschutzerkl\u00e4rung - Dafa Airstop\",\"isPartOf\":{\"@id\":\"https:\/\/dafa-airstop.be\/fr\/#website\"},\"datePublished\":\"2021-06-15T09:19:45+00:00\",\"dateModified\":\"2021-06-29T08:35:37+00:00\",\"inLanguage\":\"de\",\"potentialAction\":[{\"@type\":\"ReadAction\",\"target\":[\"https:\/\/dafa-airstop.be\/de\/datenschutzerklaerung\/\"]}]},{\"@type\":\"WebSite\",\"@id\":\"https:\/\/dafa-airstop.be\/fr\/#website\",\"url\":\"https:\/\/dafa-airstop.be\/fr\/\",\"name\":\"Dafa Airstop\",\"description\":\"\",\"potentialAction\":[{\"@type\":\"SearchAction\",\"target\":{\"@type\":\"EntryPoint\",\"urlTemplate\":\"https:\/\/dafa-airstop.be\/fr\/?s={search_term_string}\"},\"query-input\":\"required name=search_term_string\"}],\"inLanguage\":\"de\"}]}<\/script>\n<!-- \/ Yoast SEO plugin. -->","yoast_head_json":{"title":"Datenschutzerkl\u00e4rung - Dafa Airstop","robots":{"index":"index","follow":"follow","max-snippet":"max-snippet:-1","max-image-preview":"max-image-preview:large","max-video-preview":"max-video-preview:-1"},"canonical":"https:\/\/dafa-airstop.be\/de\/datenschutzerklaerung\/","og_locale":"de_DE","og_type":"article","og_title":"Datenschutzerkl\u00e4rung - Dafa Airstop","og_description":"Datenschutzerkl\u00e4rung Warum diese Satzung? Dafa.be respektiert Ihre Privatsph\u00e4re und Ihre pers\u00f6nlichen Daten. Deshalb informieren wir [&hellip;]","og_url":"https:\/\/dafa-airstop.be\/de\/datenschutzerklaerung\/","og_site_name":"Dafa Airstop","article_modified_time":"2021-06-29T08:35:37+00:00","twitter_card":"summary_large_image","twitter_misc":{"Gesch\u00e4tzte Lesezeit":"4\u00a0Minuten"},"schema":{"@context":"https:\/\/schema.org","@graph":[{"@type":"WebPage","@id":"https:\/\/dafa-airstop.be\/de\/datenschutzerklaerung\/","url":"https:\/\/dafa-airstop.be\/de\/datenschutzerklaerung\/","name":"Datenschutzerkl\u00e4rung - Dafa Airstop","isPartOf":{"@id":"https:\/\/dafa-airstop.be\/fr\/#website"},"datePublished":"2021-06-15T09:19:45+00:00","dateModified":"2021-06-29T08:35:37+00:00","inLanguage":"de","potentialAction":[{"@type":"ReadAction","target":["https:\/\/dafa-airstop.be\/de\/datenschutzerklaerung\/"]}]},{"@type":"WebSite","@id":"https:\/\/dafa-airstop.be\/fr\/#website","url":"https:\/\/dafa-airstop.be\/fr\/","name":"Dafa Airstop","description":"","potentialAction":[{"@type":"SearchAction","target":{"@type":"EntryPoint","urlTemplate":"https:\/\/dafa-airstop.be\/fr\/?s={search_term_string}"},"query-input":"required name=search_term_string"}],"inLanguage":"de"}]}},"_links":{"self":[{"href":"https:\/\/dafa-airstop.be\/de\/wp-json\/wp\/v2\/pages\/402","targetHints":{"allow":["GET"]}}],"collection":[{"href":"https:\/\/dafa-airstop.be\/de\/wp-json\/wp\/v2\/pages"}],"about":[{"href":"https:\/\/dafa-airstop.be\/de\/wp-json\/wp\/v2\/types\/page"}],"author":[{"embeddable":true,"href":"https:\/\/dafa-airstop.be\/de\/wp-json\/wp\/v2\/users\/1"}],"replies":[{"embeddable":true,"href":"https:\/\/dafa-airstop.be\/de\/wp-json\/wp\/v2\/comments?post=402"}],"version-history":[{"count":4,"href":"https:\/\/dafa-airstop.be\/de\/wp-json\/wp\/v2\/pages\/402\/revisions"}],"predecessor-version":[{"id":718,"href":"https:\/\/dafa-airstop.be\/de\/wp-json\/wp\/v2\/pages\/402\/revisions\/718"}],"wp:attachment":[{"href":"https:\/\/dafa-airstop.be\/de\/wp-json\/wp\/v2\/media?parent=402"}],"curies":[{"name":"wp","href":"https:\/\/api.w.org\/{rel}","templated":true}]}}